{"id":5350,"date":"2021-05-02T14:03:01","date_gmt":"2021-05-02T14:03:01","guid":{"rendered":"https:\/\/www.robinsonboat.com\/product\/private-experiences\/"},"modified":"2025-07-23T15:13:38","modified_gmt":"2025-07-23T14:13:38","slug":"private-experiences","status":"publish","type":"product","link":"https:\/\/www.robinsonboat.com\/es\/product\/private-experiences\/","title":{"rendered":"Experiencias Privadas"},"content":{"rendered":"<p style=\"text-align: center;\"><strong>GRUPOS \u2013 FAMILIA \u2013 EMPRESAS \u2013 CELEBRACIONES \u2013 INCENTIVO<\/strong><\/p>\n<p style=\"text-align: center;\">IDONEIDAD DEL HORARIO<br \/>\nEXCURSIONES EN HORAS<br \/>\nEXCURSIONES: D\u00cdA \u2013 TARDE \u2013 EXCURSIONES AL ATARDECER CON Y SIN COMIDA<\/p>\n<p style=\"text-align: center;\">INCLUIDO EN EL PRECIO: TRIPULACI\u00d3N \u2013 COMBUSTIBLE &#8211; PUERTO FISCAL<\/p>\n<p style=\"text-align: center;\">EXTRAS DJS, ACTUACI\u00d3N, MOTOS DE AGUA, BARCO DE PL\u00c1TANO<\/p>\n<p style=\"text-align: center;\"><strong>CONT\u00c1CTANOS MEDIANTE ESTE FORMULARIO O ENVIAR UN\u00a0EMAIL\u00a0<\/strong><\/p>\n<p style=\"text-align: center;\">\n<div class=\"wpcf7 no-js\" id=\"wpcf7-f2149-o1\" lang=\"en-US\" dir=\"ltr\" data-wpcf7-id=\"2149\">\n<div class=\"screen-reader-response\"><p role=\"status\" aria-live=\"polite\" aria-atomic=\"true\"><\/p> <ul><\/ul><\/div>\n<form action=\"\/es\/wp-json\/wp\/v2\/product\/5350#wpcf7-f2149-o1\" method=\"post\" class=\"wpcf7-form init\" aria-label=\"Contact form\" novalidate=\"novalidate\" data-status=\"init\">\n<div style=\"display: none;\">\n<input type=\"hidden\" name=\"_wpcf7\" value=\"2149\" \/>\n<input type=\"hidden\" name=\"_wpcf7_version\" value=\"6.0.6\" \/>\n<input type=\"hidden\" name=\"_wpcf7_locale\" value=\"en_US\" \/>\n<input type=\"hidden\" name=\"_wpcf7_unit_tag\" value=\"wpcf7-f2149-o1\" \/>\n<input type=\"hidden\" name=\"_wpcf7_container_post\" value=\"0\" \/>\n<input type=\"hidden\" name=\"_wpcf7_posted_data_hash\" value=\"\" \/>\n<\/div>\n<div class=\"bt_bb_cf7_form\">\n\t<div class=\"bt_bb_cf7_row\">\n\t\t<div class=\"bt_bb_cf7_element\">\n\t\t\t<p><span class=\"wpcf7-form-control-wrap\" data-name=\"your-name\"><input size=\"40\" maxlength=\"400\" class=\"wpcf7-form-control wpcf7-text wpcf7-validates-as-required\" aria-required=\"true\" aria-invalid=\"false\" placeholder=\"Your Name *\" value=\"\" type=\"text\" name=\"your-name\" \/><\/span>\n\t\t\t<\/p>\n\t\t<\/div>\n\t<\/div>\n\t<div class=\"bt_bb_cf7_row\">\n\t\t<div class=\"bt_bb_cf7_element\">\n\t\t\t<p><span class=\"wpcf7-form-control-wrap\" data-name=\"your-email\"><input size=\"40\" maxlength=\"400\" class=\"wpcf7-form-control wpcf7-email wpcf7-validates-as-required wpcf7-text wpcf7-validates-as-email\" aria-required=\"true\" aria-invalid=\"false\" placeholder=\"Your Email Address *\" value=\"\" type=\"email\" name=\"your-email\" \/><\/span>\n\t\t\t<\/p>\n\t\t<\/div>\n\t<\/div>\n\t<div class=\"bt_bb_cf7_row\">\n\t\t<div class=\"bt_bb_cf7_element\">\n\t\t\t<p><span class=\"wpcf7-form-control-wrap\" data-name=\"your-subject\"><input size=\"40\" maxlength=\"400\" class=\"wpcf7-form-control wpcf7-text\" aria-invalid=\"false\" placeholder=\"Enter your Subject\" value=\"\" type=\"text\" name=\"your-subject\" \/><\/span>\n\t\t\t<\/p>\n\t\t<\/div>\n\t<\/div>\n\t<div class=\"bt_bb_cf7_row\">\n\t\t<div class=\"bt_bb_cf7_element\">\n\t\t\t<p><span class=\"wpcf7-form-control-wrap\" data-name=\"your-message\"><textarea cols=\"40\" rows=\"5\" maxlength=\"2000\" class=\"wpcf7-form-control wpcf7-textarea\" aria-invalid=\"false\" placeholder=\"Enter your message *\" name=\"your-message\"><\/textarea><\/span>\n\t\t\t<\/p>\n\t\t<\/div>\n\t<\/div>\n\t<div class=\"bt_bb_cf7_row\">\n\t\t<div class=\"bt_bb_cf7_element bt_bb_cf7_button\">\n\t\t\t<p><input class=\"wpcf7-form-control wpcf7-submit has-spinner\" type=\"submit\" value=\"Submit message\" \/>\n\t\t\t<\/p>\n\t\t<\/div>\n\t<\/div>\n<\/div><div class=\"wpcf7-response-output\" aria-hidden=\"true\"><\/div>\n<\/form>\n<\/div>\n<\/p>\n","protected":false},"excerpt":{"rendered":"<p class=\"p1\"><b>EXPERIENCIAS PRIVADAS<\/b><b><\/b><\/p>\n<p class=\"p2\">Descubre nuestros eventos exclusivos y promociones para excursiones en barco inolvidables.<\/p>\n<p class=\"p2\">Nos especializamos en la organizaci\u00f3n de celebraciones, fiestas privadas y despedidas de soltero\/a a bordo de nuestros barcos.<\/p>\n<p class=\"p2\">Nuestros servicios son totalmente personalizables seg\u00fan tu horario e incluyen:<\/p>\n<p class=\"p2\">\u2705 <span class=\"s1\"><b>DJs<\/b><\/span> \u2013 M\u00fasica en vivo para ambientar tu experiencia<\/p>\n<p class=\"p2\">\u2705 <span class=\"s1\"><b>Fot\u00f3grafos<\/b><\/span> \u2013 Captura cada momento especial<\/p>\n<p class=\"p2\">\u2705 <span class=\"s1\"><b>Deportes acu\u00e1ticos<\/b><\/span> \u2013 Emoci\u00f3n y aventura en el mar<\/p>\n<p class=\"p2\">\u2705 <span class=\"s1\"><b>Servicio de catering<\/b><\/span> \u2013 Exquisita comida y bebidas<\/p>\n<p class=\"p2\">Elige entre nuestro elegante barco cl\u00e1sico de madera o nuestro espacioso catamar\u00e1n para tu aventura.<\/p>\n<p class=\"p4\"><b>EXPERIENCIAS PRIVADAS<\/b><b><\/b><\/p>\n<p class=\"p1\"><b>GRUPOS \u2013 FAMILIAS \u2013 EMPRESAS \u2013 CELEBRACIONES \u2013 INCENTIVOS<\/b><b><\/b><\/p>\n<p class=\"p2\">\u2728 <span class=\"s1\"><b>Experiencias inolvidables<\/b><\/span> \u2013 Excursiones \u00fanicas en Mallorca<\/p>\n<p class=\"p2\">\ud83c\udf89 <span class=\"s1\"><b>Perfecto para grandes eventos<\/b><\/span> \u2013 Ideal para grupos, familias y reuniones corporativas<\/p>\n<p class=\"p2\">\u26f5 <span class=\"s1\"><b>Barcos de primera calidad<\/b><\/span> \u2013 Navega en las mejores embarcaciones de Mallorca<\/p>\n<p class=\"p2\">\ud83c\udf7d\ufe0f <span class=\"s1\"><b>Servicio de catering premium<\/b><\/span> \u2013 Opciones gastron\u00f3micas exclusivas a bordo<\/p>\n<p class=\"p2\">\ud83c\udf79 <span class=\"s1\"><b>Bar completamente equipado<\/b><\/span> \u2013 Disfruta de refrescantes bebidas en el mar<\/p>\n<p class=\"p2\">\ud83c\udf0a <span class=\"s1\"><b>Lugares impresionantes<\/b><\/span> \u2013 Explora los rincones m\u00e1s espectaculares de Formentor<\/p>\n<p>&nbsp;<\/p>\n","protected":false},"featured_media":5121,"comment_status":"closed","ping_status":"closed","template":"","meta":{"_joinchat":{"message_text":"Hello how can I help for your event"}},"product_brand":[],"product_cat":[57],"product_tag":[56],"class_list":{"0":"post-5350","1":"product","2":"type-product","3":"status-publish","4":"has-post-thumbnail","6":"product_cat-private-experiences-es","7":"product_tag-private-experiences-boat-trips-in-mallorca","9":"first","10":"instock","11":"virtual","12":"purchasable","13":"product-type-phive_booking"},"yoast_head":"<!-- This site is optimized with the Yoast SEO Premium plugin v25.0 (Yoast SEO v25.0) - https:\/\/yoast.com\/wordpress\/plugins\/seo\/ -->\n<title>Excursiones privadas en catamar\u00e1n en Mallorca | Las mejores experiencias de navegaci\u00f3n<\/title>\n<meta name=\"description\" content=\"Descubre las mejores excursiones privadas en catamar\u00e1n en Mallorca. Perfectas para familias, grupos y eventos corporativos. Navega hacia lugares impresionantes como Formentor. \u00a1Reserva ahora!\" \/>\n<meta name=\"robots\" content=\"index, follow, max-snippet:-1, max-image-preview:large, max-video-preview:-1\" \/>\n<link rel=\"canonical\" href=\"https:\/\/www.robinsonboat.com\/es\/product\/private-experiences\/\" \/>\n<meta property=\"og:locale\" content=\"es_ES\" \/>\n<meta property=\"og:type\" content=\"article\" \/>\n<meta property=\"og:title\" content=\"\ud83d\udea4 Excursiones privadas en catamar\u00e1n en Mallorca | \u00a1Explora y disfruta! \ud83c\udf0a\" \/>\n<meta property=\"og:description\" content=\"\ud83c\udf05 \u00a1Navega por la impresionante costa de Mallorca en una excursi\u00f3n privada en catamar\u00e1n! \ud83c\udf89 Perfecto para grupos, familias y eventos. Descubre las aguas cristalinas de Formentor. \u00a1Reserva ahora! \u26f5\u2728\" \/>\n<meta property=\"og:url\" content=\"https:\/\/www.robinsonboat.com\/es\/product\/private-experiences\/\" \/>\n<meta property=\"article:modified_time\" content=\"2025-07-23T14:13:38+00:00\" \/>\n<meta property=\"og:image\" content=\"https:\/\/www.robinsonboat.com\/wp-content\/uploads\/2021\/05\/Catamaran-Under-Sail-Mallorca.jpg\" \/>\n\t<meta property=\"og:image:width\" content=\"1200\" \/>\n\t<meta property=\"og:image:height\" content=\"912\" \/>\n\t<meta property=\"og:image:type\" content=\"image\/jpeg\" \/>\n<meta name=\"twitter:card\" content=\"summary_large_image\" \/>\n<meta name=\"twitter:title\" content=\"Private Boat Charter in North Mallorca Robinson Boat\" \/>\n<meta name=\"twitter:description\" content=\"Enjoy your time with us on our private boat charter.\" \/>\n<meta name=\"twitter:label1\" content=\"Tiempo de lectura\" \/>\n\t<meta name=\"twitter:data1\" content=\"1 minuto\" \/>\n<script type=\"application\/ld+json\" class=\"yoast-schema-graph\">{\"@context\":\"https:\/\/schema.org\",\"@graph\":[{\"@type\":\"WebPage\",\"@id\":\"https:\/\/www.robinsonboat.com\/es\/product\/private-experiences\/\",\"url\":\"https:\/\/www.robinsonboat.com\/es\/product\/private-experiences\/\",\"name\":\"Excursiones privadas en catamar\u00e1n en Mallorca | Las mejores experiencias de navegaci\u00f3n\",\"isPartOf\":{\"@id\":\"https:\/\/www.robinsonboat.com\/es\/#website\"},\"primaryImageOfPage\":{\"@id\":\"https:\/\/www.robinsonboat.com\/es\/product\/private-experiences\/#primaryimage\"},\"image\":{\"@id\":\"https:\/\/www.robinsonboat.com\/es\/product\/private-experiences\/#primaryimage\"},\"thumbnailUrl\":\"https:\/\/www.robinsonboat.com\/wp-content\/uploads\/2021\/05\/Catamaran-Under-Sail-Mallorca.jpg\",\"datePublished\":\"2021-05-02T14:03:01+00:00\",\"dateModified\":\"2025-07-23T14:13:38+00:00\",\"description\":\"Descubre las mejores excursiones privadas en catamar\u00e1n en Mallorca. Perfectas para familias, grupos y eventos corporativos. Navega hacia lugares impresionantes como Formentor. \u00a1Reserva ahora!\",\"breadcrumb\":{\"@id\":\"https:\/\/www.robinsonboat.com\/es\/product\/private-experiences\/#breadcrumb\"},\"inLanguage\":\"es\",\"potentialAction\":[{\"@type\":\"ReadAction\",\"target\":[\"https:\/\/www.robinsonboat.com\/es\/product\/private-experiences\/\"]}]},{\"@type\":\"ImageObject\",\"inLanguage\":\"es\",\"@id\":\"https:\/\/www.robinsonboat.com\/es\/product\/private-experiences\/#primaryimage\",\"url\":\"https:\/\/www.robinsonboat.com\/wp-content\/uploads\/2021\/05\/Catamaran-Under-Sail-Mallorca.jpg\",\"contentUrl\":\"https:\/\/www.robinsonboat.com\/wp-content\/uploads\/2021\/05\/Catamaran-Under-Sail-Mallorca.jpg\",\"width\":1200,\"height\":912,\"caption\":\"Enjoy a private catamaran boat trip in Mallorca, exploring the stunning waters of Formentor.\"},{\"@type\":\"BreadcrumbList\",\"@id\":\"https:\/\/www.robinsonboat.com\/es\/product\/private-experiences\/#breadcrumb\",\"itemListElement\":[{\"@type\":\"ListItem\",\"position\":1,\"name\":\"Home\",\"item\":\"https:\/\/www.robinsonboat.com\/es\/home-2\/\"},{\"@type\":\"ListItem\",\"position\":2,\"name\":\"Our Experiences\",\"item\":\"https:\/\/www.robinsonboat.com\/our-experiences\/\"},{\"@type\":\"ListItem\",\"position\":3,\"name\":\"Experiencias Privadas\"}]},{\"@type\":\"WebSite\",\"@id\":\"https:\/\/www.robinsonboat.com\/es\/#website\",\"url\":\"https:\/\/www.robinsonboat.com\/es\/\",\"name\":\"Robinson Boats\",\"description\":\"\",\"publisher\":{\"@id\":\"https:\/\/www.robinsonboat.com\/es\/#organization\"},\"potentialAction\":[{\"@type\":\"SearchAction\",\"target\":{\"@type\":\"EntryPoint\",\"urlTemplate\":\"https:\/\/www.robinsonboat.com\/es\/?s={search_term_string}\"},\"query-input\":{\"@type\":\"PropertyValueSpecification\",\"valueRequired\":true,\"valueName\":\"search_term_string\"}}],\"inLanguage\":\"es\"},{\"@type\":\"Organization\",\"@id\":\"https:\/\/www.robinsonboat.com\/es\/#organization\",\"name\":\"Robinson Boats\",\"url\":\"https:\/\/www.robinsonboat.com\/es\/\",\"logo\":{\"@type\":\"ImageObject\",\"inLanguage\":\"es\",\"@id\":\"https:\/\/www.robinsonboat.com\/es\/#\/schema\/logo\/image\/\",\"url\":\"https:\/\/www.robinsonboat.com\/wp-content\/uploads\/2024\/03\/logo.png\",\"contentUrl\":\"https:\/\/www.robinsonboat.com\/wp-content\/uploads\/2024\/03\/logo.png\",\"width\":450,\"height\":235,\"caption\":\"Robinson Boats\"},\"image\":{\"@id\":\"https:\/\/www.robinsonboat.com\/es\/#\/schema\/logo\/image\/\"}}]}<\/script>\n<!-- \/ Yoast SEO Premium plugin. -->","yoast_head_json":{"title":"Excursiones privadas en catamar\u00e1n en Mallorca | Las mejores experiencias de navegaci\u00f3n","description":"Descubre las mejores excursiones privadas en catamar\u00e1n en Mallorca. Perfectas para familias, grupos y eventos corporativos. Navega hacia lugares impresionantes como Formentor. \u00a1Reserva ahora!","robots":{"index":"index","follow":"follow","max-snippet":"max-snippet:-1","max-image-preview":"max-image-preview:large","max-video-preview":"max-video-preview:-1"},"canonical":"https:\/\/www.robinsonboat.com\/es\/product\/private-experiences\/","og_locale":"es_ES","og_type":"article","og_title":"\ud83d\udea4 Excursiones privadas en catamar\u00e1n en Mallorca | \u00a1Explora y disfruta! \ud83c\udf0a","og_description":"\ud83c\udf05 \u00a1Navega por la impresionante costa de Mallorca en una excursi\u00f3n privada en catamar\u00e1n! \ud83c\udf89 Perfecto para grupos, familias y eventos. Descubre las aguas cristalinas de Formentor. \u00a1Reserva ahora! \u26f5\u2728","og_url":"https:\/\/www.robinsonboat.com\/es\/product\/private-experiences\/","article_modified_time":"2025-07-23T14:13:38+00:00","og_image":[{"width":1200,"height":912,"url":"https:\/\/www.robinsonboat.com\/wp-content\/uploads\/2021\/05\/Catamaran-Under-Sail-Mallorca.jpg","type":"image\/jpeg"}],"twitter_card":"summary_large_image","twitter_title":"Private Boat Charter in North Mallorca Robinson Boat","twitter_description":"Enjoy your time with us on our private boat charter.","twitter_misc":{"Tiempo de lectura":"1 minuto"},"schema":{"@context":"https:\/\/schema.org","@graph":[{"@type":"WebPage","@id":"https:\/\/www.robinsonboat.com\/es\/product\/private-experiences\/","url":"https:\/\/www.robinsonboat.com\/es\/product\/private-experiences\/","name":"Excursiones privadas en catamar\u00e1n en Mallorca | Las mejores experiencias de navegaci\u00f3n","isPartOf":{"@id":"https:\/\/www.robinsonboat.com\/es\/#website"},"primaryImageOfPage":{"@id":"https:\/\/www.robinsonboat.com\/es\/product\/private-experiences\/#primaryimage"},"image":{"@id":"https:\/\/www.robinsonboat.com\/es\/product\/private-experiences\/#primaryimage"},"thumbnailUrl":"https:\/\/www.robinsonboat.com\/wp-content\/uploads\/2021\/05\/Catamaran-Under-Sail-Mallorca.jpg","datePublished":"2021-05-02T14:03:01+00:00","dateModified":"2025-07-23T14:13:38+00:00","description":"Descubre las mejores excursiones privadas en catamar\u00e1n en Mallorca. Perfectas para familias, grupos y eventos corporativos. Navega hacia lugares impresionantes como Formentor. \u00a1Reserva ahora!","breadcrumb":{"@id":"https:\/\/www.robinsonboat.com\/es\/product\/private-experiences\/#breadcrumb"},"inLanguage":"es","potentialAction":[{"@type":"ReadAction","target":["https:\/\/www.robinsonboat.com\/es\/product\/private-experiences\/"]}]},{"@type":"ImageObject","inLanguage":"es","@id":"https:\/\/www.robinsonboat.com\/es\/product\/private-experiences\/#primaryimage","url":"https:\/\/www.robinsonboat.com\/wp-content\/uploads\/2021\/05\/Catamaran-Under-Sail-Mallorca.jpg","contentUrl":"https:\/\/www.robinsonboat.com\/wp-content\/uploads\/2021\/05\/Catamaran-Under-Sail-Mallorca.jpg","width":1200,"height":912,"caption":"Enjoy a private catamaran boat trip in Mallorca, exploring the stunning waters of Formentor."},{"@type":"BreadcrumbList","@id":"https:\/\/www.robinsonboat.com\/es\/product\/private-experiences\/#breadcrumb","itemListElement":[{"@type":"ListItem","position":1,"name":"Home","item":"https:\/\/www.robinsonboat.com\/es\/home-2\/"},{"@type":"ListItem","position":2,"name":"Our Experiences","item":"https:\/\/www.robinsonboat.com\/our-experiences\/"},{"@type":"ListItem","position":3,"name":"Experiencias Privadas"}]},{"@type":"WebSite","@id":"https:\/\/www.robinsonboat.com\/es\/#website","url":"https:\/\/www.robinsonboat.com\/es\/","name":"Robinson Boats","description":"","publisher":{"@id":"https:\/\/www.robinsonboat.com\/es\/#organization"},"potentialAction":[{"@type":"SearchAction","target":{"@type":"EntryPoint","urlTemplate":"https:\/\/www.robinsonboat.com\/es\/?s={search_term_string}"},"query-input":{"@type":"PropertyValueSpecification","valueRequired":true,"valueName":"search_term_string"}}],"inLanguage":"es"},{"@type":"Organization","@id":"https:\/\/www.robinsonboat.com\/es\/#organization","name":"Robinson Boats","url":"https:\/\/www.robinsonboat.com\/es\/","logo":{"@type":"ImageObject","inLanguage":"es","@id":"https:\/\/www.robinsonboat.com\/es\/#\/schema\/logo\/image\/","url":"https:\/\/www.robinsonboat.com\/wp-content\/uploads\/2024\/03\/logo.png","contentUrl":"https:\/\/www.robinsonboat.com\/wp-content\/uploads\/2024\/03\/logo.png","width":450,"height":235,"caption":"Robinson Boats"},"image":{"@id":"https:\/\/www.robinsonboat.com\/es\/#\/schema\/logo\/image\/"}}]}},"_links":{"self":[{"href":"https:\/\/www.robinsonboat.com\/es\/wp-json\/wp\/v2\/product\/5350","targetHints":{"allow":["GET"]}}],"collection":[{"href":"https:\/\/www.robinsonboat.com\/es\/wp-json\/wp\/v2\/product"}],"about":[{"href":"https:\/\/www.robinsonboat.com\/es\/wp-json\/wp\/v2\/types\/product"}],"replies":[{"embeddable":true,"href":"https:\/\/www.robinsonboat.com\/es\/wp-json\/wp\/v2\/comments?post=5350"}],"wp:featuredmedia":[{"embeddable":true,"href":"https:\/\/www.robinsonboat.com\/es\/wp-json\/wp\/v2\/media\/5121"}],"wp:attachment":[{"href":"https:\/\/www.robinsonboat.com\/es\/wp-json\/wp\/v2\/media?parent=5350"}],"wp:term":[{"taxonomy":"product_brand","embeddable":true,"href":"https:\/\/www.robinsonboat.com\/es\/wp-json\/wp\/v2\/product_brand?post=5350"},{"taxonomy":"product_cat","embeddable":true,"href":"https:\/\/www.robinsonboat.com\/es\/wp-json\/wp\/v2\/product_cat?post=5350"},{"taxonomy":"product_tag","embeddable":true,"href":"https:\/\/www.robinsonboat.com\/es\/wp-json\/wp\/v2\/product_tag?post=5350"}],"curies":[{"name":"wp","href":"https:\/\/api.w.org\/{rel}","templated":true}]}}