{"id":5351,"date":"2022-02-24T14:43:47","date_gmt":"2022-02-24T14:43:47","guid":{"rendered":"https:\/\/www.robinsonboat.com\/product\/robinson-pirate-boat\/"},"modified":"2025-07-23T15:35:36","modified_gmt":"2025-07-23T14:35:36","slug":"robinson-pirate-boat","status":"publish","type":"product","link":"https:\/\/www.robinsonboat.com\/es\/product\/robinson-pirate-boat\/","title":{"rendered":"Barco Pirata Robinson"},"content":{"rendered":"<p class=\"p1\">Emb\u00e1rcate en una incre\u00edble traves\u00eda por la <span class=\"s1\"><b>Bah\u00eda de Pollensa<\/b><\/span>, explorando calas de aguas cristalinas, majestuosos acantilados de m\u00e1s de 180 metros de altura y playas de arena blanca deslumbrante. Durante el recorrido, tambi\u00e9n disfrutar\u00e1s de impresionantes vistas como la <span class=\"s1\"><b>Isla de los P\u00e1jaros<\/b><\/span> y el emblem\u00e1tico <span class=\"s1\"><b>Faro del Cabo Formentor<\/b><\/span>, el punto m\u00e1s septentrional de Mallorca.<\/p>\n<p class=\"p3\"><span class=\"s2\">\ud83d\udd39 <\/span><b>Actividades Incluidas:<\/b><b><\/b><\/p>\n<p class=\"p1\">\u2714 Snorkel (Equipo a bordo: m\u00e1scaras, aletas)<\/p>\n<p class=\"p1\">\u2714 Stand Up Paddle Surf (Tablas disponibles)<\/p>\n<p class=\"p1\">\u2714 Tiempo para nadar y relajarse en el mar<\/p>\n<p class=\"p1\"><span class=\"s1\">\ud83c\udf7d <\/span><b>Almuerzo y Bebidas:<\/b><b><\/b><\/p>\n<p class=\"p2\">Disfruta de un delicioso almuerzo acompa\u00f1ado de bebidas refrescantes para recargar energ\u00edas mientras navegas.<\/p>\n<p class=\"p1\"><b>Horarios y Disponibilidad \u2013 Barco Pirata Robinson<\/b><b><\/b><\/p>\n<p class=\"p3\"><span class=\"s1\">\ud83d\udcc5 <\/span><b>Meses de operaci\u00f3n y d\u00edas disponibles:<\/b><b><\/b><\/p>\n<p class=\"p4\">\u2022 <span class=\"s2\"><b>Mayo:<\/b><\/span> Mi\u00e9rcoles y viernes (ma\u00f1ana)<\/p>\n<p class=\"p4\">\u2022 <span class=\"s2\"><b>Junio:<\/b><\/span> Lunes, mi\u00e9rcoles y viernes (ma\u00f1ana)<\/p>\n<p class=\"p4\">\u2022 <span class=\"s2\"><b>Julio y agosto:<\/b><\/span> Lunes a s\u00e1bado (ma\u00f1ana) | Mi\u00e9rcoles y viernes (tarde, sin transfer)<\/p>\n<p class=\"p4\">\u2022 <span class=\"s2\"><b>Septiembre:<\/b><\/span> Lunes, mi\u00e9rcoles y viernes (ma\u00f1ana)<\/p>\n<p class=\"p4\">\u2022 <span class=\"s2\"><b>Octubre:<\/b><\/span> Mi\u00e9rcoles y viernes (ma\u00f1ana)<\/p>\n<p class=\"p5\">Vive una aventura inolvidable en el <span class=\"s2\"><b>Barco Pirata Robinson<\/b><\/span> y descubre la magia del mar en Mallorca. \u00a1Reserva ahora y prep\u00e1rate para una experiencia \u00fanica! \ud83c\udf0a\ud83c\udff4\u200d\u2620\ufe0f\u26f5<\/p>\n","protected":false},"excerpt":{"rendered":"<p class=\"p1\"><b>Barco Pirata Robinson \/\/ Barco Pirata<\/b><b><\/b><\/p>\n<p class=\"p1\"><span class=\"s1\">(<\/span><b>Embarque 9:30 ) 10:00h \u2013 15:00h <\/b><span class=\"s1\">\u00a0<\/span><b>Duraci\u00f3n: 5 horas<\/b><span class=\"s1\"> (Almuerzo con bebidas)<\/span><\/p>\n<p class=\"p1\"><span class=\"s1\">\ud83d\udcb0 <\/span><b>Tarifas:<\/b><b><\/b><\/p>\n<p class=\"p3\">\u2022 <span class=\"s2\"><b>65,00\u20ac<\/b><\/span> \u2014\u2014 Adultos<\/p>\n<p class=\"p3\">\u2022 <span class=\"s2\"><b>50,00\u20ac<\/b><\/span> \u2014\u2014 Ni\u00f1os (3 &#8211; 12 a\u00f1os)<\/p>\n<p class=\"p1\"><span class=\"s1\">\ud83d\udccd <\/span><b>Servicios adicionales por persona:<\/b><b><\/b><\/p>\n<p class=\"p3\">\u2022 Transporte: <span class=\"s2\"><b>10\u20ac ida y vuelta<\/b><\/span> (Disponible para el norte de Mallorca: Can Picafort, Playa de Muro, Puerto de Alcudia, Cala San Vicen\u00e7)<\/p>\n<p class=\"p1\"><span class=\"s1\">\u2705 <\/span><b>Incluye:<\/b>\u2022 Snorkel, Paddle surf, Nado desde el barco, Almuerzo con bebidas<\/p>\n<p><strong>INCLUYE:<\/strong> gafas, flippers, almuerzo con bebidas, tablas de Paddles<\/p>\n<h1>Barco Pirata Robinson:<\/h1>\n<p>&nbsp;<\/p>\n","protected":false},"featured_media":5078,"comment_status":"closed","ping_status":"closed","template":"","meta":{"_joinchat":[]},"product_brand":[],"product_cat":[57],"product_tag":[64],"class_list":{"0":"post-5351","1":"product","2":"type-product","3":"status-publish","4":"has-post-thumbnail","6":"product_cat-private-experiences-es","7":"product_tag-robinson-pirate-boat","9":"first","10":"instock","11":"shipping-taxable","12":"product-type-external"},"yoast_head":"<!-- This site is optimized with the Yoast SEO Premium plugin v25.0 (Yoast SEO v25.0) - https:\/\/yoast.com\/wordpress\/plugins\/seo\/ -->\n<title>Barco Pirata Robinson | Excursi\u00f3n en Barco en Pollensa | Boat Trip en Mallorca<\/title>\n<meta name=\"description\" content=\"\ud83c\udf0a Disfruta de una emocionante excursi\u00f3n en barco en Pollensa a bordo del Barco Pirata Robinson. Navega por aguas cristalinas, explora calas impresionantes y rel\u00e1jate con un delicioso almuerzo incluido. \u00a1Reserva tu boat trip en Mallorca ahora! \ud83d\udea2\u2728\" \/>\n<meta name=\"robots\" content=\"index, follow, max-snippet:-1, max-image-preview:large, max-video-preview:-1\" \/>\n<link rel=\"canonical\" href=\"https:\/\/www.robinsonboat.com\/es\/product\/robinson-pirate-boat\/\" \/>\n<meta property=\"og:locale\" content=\"es_ES\" \/>\n<meta property=\"og:type\" content=\"article\" \/>\n<meta property=\"og:title\" content=\"\ud83c\udf0a Barco Pirata Robinson | La Mejor Excursi\u00f3n en Barco en Pollensa \ud83d\udea2\" \/>\n<meta property=\"og:description\" content=\"\u26f5 Vive una aventura inolvidable en el Barco Pirata Robinson. Explora la Bah\u00eda de Pollensa, disfruta de aguas cristalinas, calas paradis\u00edacas y un delicioso almuerzo a bordo. \u00a1Reserva tu excursi\u00f3n en barco en Mallorca hoy mismo! \ud83c\udf0a\ud83d\udea2\u2728\" \/>\n<meta property=\"og:url\" content=\"https:\/\/www.robinsonboat.com\/es\/product\/robinson-pirate-boat\/\" \/>\n<meta property=\"article:modified_time\" content=\"2025-07-23T14:35:36+00:00\" \/>\n<meta property=\"og:image\" content=\"https:\/\/www.robinsonboat.com\/wp-content\/uploads\/2024\/03\/Robinson-Pirate-Boat-3.jpg\" \/>\n\t<meta property=\"og:image:width\" content=\"1200\" \/>\n\t<meta property=\"og:image:height\" content=\"912\" \/>\n\t<meta property=\"og:image:type\" content=\"image\/jpeg\" \/>\n<meta name=\"twitter:card\" content=\"summary_large_image\" \/>\n<meta name=\"twitter:title\" content=\"Robinson Pirate Boat Under Sail Robinson Boat Port Pollensa Boat Trips\" \/>\n<meta name=\"twitter:description\" content=\"The best excursions and tours from Boat and Catamaran trips. Catamaran Trip Sunrise and Dolphin-Watching Catamaran in Mallorca.Catamaran Puerto Pollensa Tour. Palma de Mallorca Catamaran Tour.\" \/>\n<meta name=\"twitter:label1\" content=\"Tiempo de lectura\" \/>\n\t<meta name=\"twitter:data1\" content=\"1 minuto\" \/>\n<script type=\"application\/ld+json\" class=\"yoast-schema-graph\">{\"@context\":\"https:\/\/schema.org\",\"@graph\":[{\"@type\":\"WebPage\",\"@id\":\"https:\/\/www.robinsonboat.com\/es\/product\/robinson-pirate-boat\/\",\"url\":\"https:\/\/www.robinsonboat.com\/es\/product\/robinson-pirate-boat\/\",\"name\":\"Barco Pirata Robinson | Excursi\u00f3n en Barco en Pollensa | Boat Trip en Mallorca\",\"isPartOf\":{\"@id\":\"https:\/\/www.robinsonboat.com\/es\/#website\"},\"primaryImageOfPage\":{\"@id\":\"https:\/\/www.robinsonboat.com\/es\/product\/robinson-pirate-boat\/#primaryimage\"},\"image\":{\"@id\":\"https:\/\/www.robinsonboat.com\/es\/product\/robinson-pirate-boat\/#primaryimage\"},\"thumbnailUrl\":\"https:\/\/www.robinsonboat.com\/wp-content\/uploads\/2024\/03\/Robinson-Pirate-Boat-malllorca-3.jpg\",\"datePublished\":\"2022-02-24T14:43:47+00:00\",\"dateModified\":\"2025-07-23T14:35:36+00:00\",\"description\":\"\ud83c\udf0a Disfruta de una emocionante excursi\u00f3n en barco en Pollensa a bordo del Barco Pirata Robinson. Navega por aguas cristalinas, explora calas impresionantes y rel\u00e1jate con un delicioso almuerzo incluido. \u00a1Reserva tu boat trip en Mallorca ahora! \ud83d\udea2\u2728\",\"breadcrumb\":{\"@id\":\"https:\/\/www.robinsonboat.com\/es\/product\/robinson-pirate-boat\/#breadcrumb\"},\"inLanguage\":\"es\",\"potentialAction\":[{\"@type\":\"ReadAction\",\"target\":[\"https:\/\/www.robinsonboat.com\/es\/product\/robinson-pirate-boat\/\"]}]},{\"@type\":\"ImageObject\",\"inLanguage\":\"es\",\"@id\":\"https:\/\/www.robinsonboat.com\/es\/product\/robinson-pirate-boat\/#primaryimage\",\"url\":\"https:\/\/www.robinsonboat.com\/wp-content\/uploads\/2024\/03\/Robinson-Pirate-Boat-malllorca-3.jpg\",\"contentUrl\":\"https:\/\/www.robinsonboat.com\/wp-content\/uploads\/2024\/03\/Robinson-Pirate-Boat-malllorca-3.jpg\",\"width\":2500,\"height\":1705},{\"@type\":\"BreadcrumbList\",\"@id\":\"https:\/\/www.robinsonboat.com\/es\/product\/robinson-pirate-boat\/#breadcrumb\",\"itemListElement\":[{\"@type\":\"ListItem\",\"position\":1,\"name\":\"Home\",\"item\":\"https:\/\/www.robinsonboat.com\/es\/home-2\/\"},{\"@type\":\"ListItem\",\"position\":2,\"name\":\"Our Experiences\",\"item\":\"https:\/\/www.robinsonboat.com\/our-experiences\/\"},{\"@type\":\"ListItem\",\"position\":3,\"name\":\"Barco Pirata Robinson\"}]},{\"@type\":\"WebSite\",\"@id\":\"https:\/\/www.robinsonboat.com\/es\/#website\",\"url\":\"https:\/\/www.robinsonboat.com\/es\/\",\"name\":\"Robinson Boats\",\"description\":\"\",\"publisher\":{\"@id\":\"https:\/\/www.robinsonboat.com\/es\/#organization\"},\"potentialAction\":[{\"@type\":\"SearchAction\",\"target\":{\"@type\":\"EntryPoint\",\"urlTemplate\":\"https:\/\/www.robinsonboat.com\/es\/?s={search_term_string}\"},\"query-input\":{\"@type\":\"PropertyValueSpecification\",\"valueRequired\":true,\"valueName\":\"search_term_string\"}}],\"inLanguage\":\"es\"},{\"@type\":\"Organization\",\"@id\":\"https:\/\/www.robinsonboat.com\/es\/#organization\",\"name\":\"Robinson Boats\",\"url\":\"https:\/\/www.robinsonboat.com\/es\/\",\"logo\":{\"@type\":\"ImageObject\",\"inLanguage\":\"es\",\"@id\":\"https:\/\/www.robinsonboat.com\/es\/#\/schema\/logo\/image\/\",\"url\":\"https:\/\/www.robinsonboat.com\/wp-content\/uploads\/2024\/03\/logo.png\",\"contentUrl\":\"https:\/\/www.robinsonboat.com\/wp-content\/uploads\/2024\/03\/logo.png\",\"width\":450,\"height\":235,\"caption\":\"Robinson Boats\"},\"image\":{\"@id\":\"https:\/\/www.robinsonboat.com\/es\/#\/schema\/logo\/image\/\"}}]}<\/script>\n<!-- \/ Yoast SEO Premium plugin. -->","yoast_head_json":{"title":"Barco Pirata Robinson | Excursi\u00f3n en Barco en Pollensa | Boat Trip en Mallorca","description":"\ud83c\udf0a Disfruta de una emocionante excursi\u00f3n en barco en Pollensa a bordo del Barco Pirata Robinson. Navega por aguas cristalinas, explora calas impresionantes y rel\u00e1jate con un delicioso almuerzo incluido. \u00a1Reserva tu boat trip en Mallorca ahora! \ud83d\udea2\u2728","robots":{"index":"index","follow":"follow","max-snippet":"max-snippet:-1","max-image-preview":"max-image-preview:large","max-video-preview":"max-video-preview:-1"},"canonical":"https:\/\/www.robinsonboat.com\/es\/product\/robinson-pirate-boat\/","og_locale":"es_ES","og_type":"article","og_title":"\ud83c\udf0a Barco Pirata Robinson | La Mejor Excursi\u00f3n en Barco en Pollensa \ud83d\udea2","og_description":"\u26f5 Vive una aventura inolvidable en el Barco Pirata Robinson. Explora la Bah\u00eda de Pollensa, disfruta de aguas cristalinas, calas paradis\u00edacas y un delicioso almuerzo a bordo. \u00a1Reserva tu excursi\u00f3n en barco en Mallorca hoy mismo! \ud83c\udf0a\ud83d\udea2\u2728","og_url":"https:\/\/www.robinsonboat.com\/es\/product\/robinson-pirate-boat\/","article_modified_time":"2025-07-23T14:35:36+00:00","og_image":[{"width":1200,"height":912,"url":"https:\/\/www.robinsonboat.com\/wp-content\/uploads\/2024\/03\/Robinson-Pirate-Boat-3.jpg","type":"image\/jpeg"}],"twitter_card":"summary_large_image","twitter_title":"Robinson Pirate Boat Under Sail Robinson Boat Port Pollensa Boat Trips","twitter_description":"The best excursions and tours from Boat and Catamaran trips. Catamaran Trip Sunrise and Dolphin-Watching Catamaran in Mallorca.Catamaran Puerto Pollensa Tour. Palma de Mallorca Catamaran Tour.","twitter_misc":{"Tiempo de lectura":"1 minuto"},"schema":{"@context":"https:\/\/schema.org","@graph":[{"@type":"WebPage","@id":"https:\/\/www.robinsonboat.com\/es\/product\/robinson-pirate-boat\/","url":"https:\/\/www.robinsonboat.com\/es\/product\/robinson-pirate-boat\/","name":"Barco Pirata Robinson | Excursi\u00f3n en Barco en Pollensa | Boat Trip en Mallorca","isPartOf":{"@id":"https:\/\/www.robinsonboat.com\/es\/#website"},"primaryImageOfPage":{"@id":"https:\/\/www.robinsonboat.com\/es\/product\/robinson-pirate-boat\/#primaryimage"},"image":{"@id":"https:\/\/www.robinsonboat.com\/es\/product\/robinson-pirate-boat\/#primaryimage"},"thumbnailUrl":"https:\/\/www.robinsonboat.com\/wp-content\/uploads\/2024\/03\/Robinson-Pirate-Boat-malllorca-3.jpg","datePublished":"2022-02-24T14:43:47+00:00","dateModified":"2025-07-23T14:35:36+00:00","description":"\ud83c\udf0a Disfruta de una emocionante excursi\u00f3n en barco en Pollensa a bordo del Barco Pirata Robinson. Navega por aguas cristalinas, explora calas impresionantes y rel\u00e1jate con un delicioso almuerzo incluido. \u00a1Reserva tu boat trip en Mallorca ahora! \ud83d\udea2\u2728","breadcrumb":{"@id":"https:\/\/www.robinsonboat.com\/es\/product\/robinson-pirate-boat\/#breadcrumb"},"inLanguage":"es","potentialAction":[{"@type":"ReadAction","target":["https:\/\/www.robinsonboat.com\/es\/product\/robinson-pirate-boat\/"]}]},{"@type":"ImageObject","inLanguage":"es","@id":"https:\/\/www.robinsonboat.com\/es\/product\/robinson-pirate-boat\/#primaryimage","url":"https:\/\/www.robinsonboat.com\/wp-content\/uploads\/2024\/03\/Robinson-Pirate-Boat-malllorca-3.jpg","contentUrl":"https:\/\/www.robinsonboat.com\/wp-content\/uploads\/2024\/03\/Robinson-Pirate-Boat-malllorca-3.jpg","width":2500,"height":1705},{"@type":"BreadcrumbList","@id":"https:\/\/www.robinsonboat.com\/es\/product\/robinson-pirate-boat\/#breadcrumb","itemListElement":[{"@type":"ListItem","position":1,"name":"Home","item":"https:\/\/www.robinsonboat.com\/es\/home-2\/"},{"@type":"ListItem","position":2,"name":"Our Experiences","item":"https:\/\/www.robinsonboat.com\/our-experiences\/"},{"@type":"ListItem","position":3,"name":"Barco Pirata Robinson"}]},{"@type":"WebSite","@id":"https:\/\/www.robinsonboat.com\/es\/#website","url":"https:\/\/www.robinsonboat.com\/es\/","name":"Robinson Boats","description":"","publisher":{"@id":"https:\/\/www.robinsonboat.com\/es\/#organization"},"potentialAction":[{"@type":"SearchAction","target":{"@type":"EntryPoint","urlTemplate":"https:\/\/www.robinsonboat.com\/es\/?s={search_term_string}"},"query-input":{"@type":"PropertyValueSpecification","valueRequired":true,"valueName":"search_term_string"}}],"inLanguage":"es"},{"@type":"Organization","@id":"https:\/\/www.robinsonboat.com\/es\/#organization","name":"Robinson Boats","url":"https:\/\/www.robinsonboat.com\/es\/","logo":{"@type":"ImageObject","inLanguage":"es","@id":"https:\/\/www.robinsonboat.com\/es\/#\/schema\/logo\/image\/","url":"https:\/\/www.robinsonboat.com\/wp-content\/uploads\/2024\/03\/logo.png","contentUrl":"https:\/\/www.robinsonboat.com\/wp-content\/uploads\/2024\/03\/logo.png","width":450,"height":235,"caption":"Robinson Boats"},"image":{"@id":"https:\/\/www.robinsonboat.com\/es\/#\/schema\/logo\/image\/"}}]}},"_links":{"self":[{"href":"https:\/\/www.robinsonboat.com\/es\/wp-json\/wp\/v2\/product\/5351","targetHints":{"allow":["GET"]}}],"collection":[{"href":"https:\/\/www.robinsonboat.com\/es\/wp-json\/wp\/v2\/product"}],"about":[{"href":"https:\/\/www.robinsonboat.com\/es\/wp-json\/wp\/v2\/types\/product"}],"replies":[{"embeddable":true,"href":"https:\/\/www.robinsonboat.com\/es\/wp-json\/wp\/v2\/comments?post=5351"}],"wp:featuredmedia":[{"embeddable":true,"href":"https:\/\/www.robinsonboat.com\/es\/wp-json\/wp\/v2\/media\/5078"}],"wp:attachment":[{"href":"https:\/\/www.robinsonboat.com\/es\/wp-json\/wp\/v2\/media?parent=5351"}],"wp:term":[{"taxonomy":"product_brand","embeddable":true,"href":"https:\/\/www.robinsonboat.com\/es\/wp-json\/wp\/v2\/product_brand?post=5351"},{"taxonomy":"product_cat","embeddable":true,"href":"https:\/\/www.robinsonboat.com\/es\/wp-json\/wp\/v2\/product_cat?post=5351"},{"taxonomy":"product_tag","embeddable":true,"href":"https:\/\/www.robinsonboat.com\/es\/wp-json\/wp\/v2\/product_tag?post=5351"}],"curies":[{"name":"wp","href":"https:\/\/api.w.org\/{rel}","templated":true}]}}