{"id":5352,"date":"2021-05-02T13:26:38","date_gmt":"2021-05-02T13:26:38","guid":{"rendered":"https:\/\/www.robinsonboat.com\/product\/sunrise-with-dolphins\/"},"modified":"2025-07-23T15:41:38","modified_gmt":"2025-07-23T14:41:38","slug":"sunrise-with-dolphins","status":"publish","type":"product","link":"https:\/\/www.robinsonboat.com\/es\/product\/sunrise-with-dolphins\/","title":{"rendered":"Amanecer con delfines"},"content":{"rendered":"<p><iframe src=\"https:\/\/www.youtube.com\/embed\/gjT1mx_TDHM\" width=\"560\" height=\"315\" frameborder=\"0\" allowfullscreen=\"allowfullscreen\"><\/iframe><\/p>\n<p style=\"font-size: 16px;\">Amanecer con Delfines en Mallorca, con Robinson Boat descubrir\u00e1s la inolvidable experiencia de ver el amanecer desde el mar durante este impresionante recorrido en Port Pollensa, donde podr\u00e1s disfrutar de un espect\u00e1culo incre\u00edble observando de cerca algunos grupos de delfines desde nuestro litoral mallorqu\u00edn. Sin duda, un viaje m\u00e1gico para compartir con toda la familia.<\/p>\n<h5 style=\"font-size: 20px;\">Detalles de la reserva para amanecer con delfines<\/h5>\n<p>La isla de Mallorca. Para\u00edso para la observaci\u00f3n de delfines. Baleares est\u00e1 situado en el Mediterr\u00e1neo. Es parte de Espa\u00f1a y est\u00e1 formada por islas. El viaje Amanecer con Delfines en Mallorca.<\/p>\n<p>Sunrise with Dolphins:<br \/>\nMayo : Miercoles<br \/>\njunio : Lunes ,Miercoles y Viernes<br \/>\nJulio agosto Lunes y s\u00e1bado<br \/>\nseptiembre: Lunes ,Miercoles y Viernes<br \/>\nOctubre: Miercoles y Viernes<\/p>\n<ul>\n<li><span style=\"color: #2e3b4e;\">Embarque 5:40. <strong>A PARTIR DEL LUNES 28 de septiembre ser\u00e1 la reuni\u00f3n a las 06:15<\/strong><\/span><\/li>\n<\/ul>\n<p>Vista de delfines garantizado<\/p>\n","protected":false},"excerpt":{"rendered":"<h3 style=\"text-align: center;\">Una experiencia inolvidable: amanece con delfines salvajes en su h\u00e1bitat natural<\/h3>\n<p style=\"font-size: 16px; text-align: center; color: #2e3b4e;\">&#8211; <b>Excursi\u00f3n en barco con delfines<\/b> &#8211; DISPONIBLE de ABRIL a OCTUBRE (consulta nuestro calendario)<\/p>\n<p style=\"font-size: 16px; text-align: center; color: #2e3b4e;\">&#8211; <strong>Incluye<\/strong> &#8211; Desayuno buffet, caf\u00e9 con leche o chocolate y croissant, zumo de naranja.<\/p>\n<p style=\"font-size: 16px; text-align: center; color: #2e3b4e;\">&#8211; <strong>A PARTIR DEL MARTES 16 DE SEPTIEMBRE<\/strong> Embarque: 6:16 am | Excursi\u00f3n: 6:30 am &#8211; 9:30 am<\/p>\n<div>\n<h3 style=\"text-align: center;\"><label><span style=\"color: #2e3b4e;\"><strong>Embarque 5:40<\/strong><\/span> (Excursi\u00f3n 6:00 am &#8211; 9:00 am)<\/label><\/h3>\n<h3 style=\"text-align: center;\"><em>Siempre<\/em> llega <em>con antelaci\u00f3n<\/em> (<em>20 minutos antes del viaje<\/em>).<\/h3>\n<p style=\"text-align: center;\"><strong>No apto para ni\u00f1os menores de 3 a\u00f1os por \u201cMOTIVOS DE SEGURIDAD\u201d<\/strong><\/p>\n<\/div>\n","protected":false},"featured_media":5084,"comment_status":"closed","ping_status":"closed","template":"","meta":{"_joinchat":[]},"product_brand":[],"product_cat":[59],"product_tag":[52,54],"class_list":{"0":"post-5352","1":"product","2":"type-product","3":"status-publish","4":"has-post-thumbnail","6":"product_cat-sunrise-dolphins-es","7":"product_tag-port-pollensa-sunrise-at-sea-dolphin-watching-tour","8":"product_tag-sunrise-dolphins-mallorca","10":"first","11":"instock","12":"shipping-taxable","13":"product-type-external"},"yoast_head":"<!-- This site is optimized with the Yoast SEO Premium plugin v25.0 (Yoast SEO v25.0) - https:\/\/yoast.com\/wordpress\/plugins\/seo\/ -->\n<title>Amanecer con delfines Robinson Boat North Mallorca<\/title>\n<meta name=\"description\" content=\"Amanecer con delfines en Mallorca. Con Robinson Boat descubrir\u00e1s la inolvidable experiencia de ver el amanecer desde el mar durante este impresionante tour en Puerto Pollensa.\" \/>\n<meta name=\"robots\" content=\"index, follow, max-snippet:-1, max-image-preview:large, max-video-preview:-1\" \/>\n<link rel=\"canonical\" href=\"https:\/\/www.robinsonboat.com\/es\/product\/sunrise-with-dolphins\/\" \/>\n<meta property=\"og:locale\" content=\"es_ES\" \/>\n<meta property=\"og:type\" content=\"article\" \/>\n<meta property=\"og:title\" content=\"Amanecer con delfines\" \/>\n<meta property=\"og:description\" content=\"Amanecer con delfines en Mallorca. Con Robinson Boat descubrir\u00e1s la inolvidable experiencia de ver el amanecer desde el mar durante este impresionante tour en Puerto Pollensa.\" \/>\n<meta property=\"og:url\" content=\"https:\/\/www.robinsonboat.com\/es\/product\/sunrise-with-dolphins\/\" \/>\n<meta property=\"article:modified_time\" content=\"2025-07-23T14:41:38+00:00\" \/>\n<meta property=\"og:image\" content=\"https:\/\/www.robinsonboat.com\/wp-content\/uploads\/2024\/03\/Port-pollensa-Sunrise-at-Sea-Dolphin-Watching-Tour-scaled-1.jpg\" \/>\n\t<meta property=\"og:image:width\" content=\"2560\" \/>\n\t<meta property=\"og:image:height\" content=\"2134\" \/>\n\t<meta property=\"og:image:type\" content=\"image\/jpeg\" \/>\n<meta name=\"twitter:card\" content=\"summary_large_image\" \/>\n<meta name=\"twitter:label1\" content=\"Tiempo de lectura\" \/>\n\t<meta name=\"twitter:data1\" content=\"1 minuto\" \/>\n<script type=\"application\/ld+json\" class=\"yoast-schema-graph\">{\"@context\":\"https:\/\/schema.org\",\"@graph\":[{\"@type\":\"WebPage\",\"@id\":\"https:\/\/www.robinsonboat.com\/es\/product\/sunrise-with-dolphins\/\",\"url\":\"https:\/\/www.robinsonboat.com\/es\/product\/sunrise-with-dolphins\/\",\"name\":\"Amanecer con delfines Robinson Boat North Mallorca\",\"isPartOf\":{\"@id\":\"https:\/\/www.robinsonboat.com\/es\/#website\"},\"primaryImageOfPage\":{\"@id\":\"https:\/\/www.robinsonboat.com\/es\/product\/sunrise-with-dolphins\/#primaryimage\"},\"image\":{\"@id\":\"https:\/\/www.robinsonboat.com\/es\/product\/sunrise-with-dolphins\/#primaryimage\"},\"thumbnailUrl\":\"https:\/\/www.robinsonboat.com\/wp-content\/uploads\/2024\/03\/Port-pollensa-Sunrise-at-Sea-Dolphin-Watching-Tour-scaled-1.jpg\",\"datePublished\":\"2021-05-02T13:26:38+00:00\",\"dateModified\":\"2025-07-23T14:41:38+00:00\",\"description\":\"Amanecer con delfines en Mallorca. Con Robinson Boat descubrir\u00e1s la inolvidable experiencia de ver el amanecer desde el mar durante este impresionante tour en Puerto Pollensa.\",\"breadcrumb\":{\"@id\":\"https:\/\/www.robinsonboat.com\/es\/product\/sunrise-with-dolphins\/#breadcrumb\"},\"inLanguage\":\"es\",\"potentialAction\":[{\"@type\":\"ReadAction\",\"target\":[\"https:\/\/www.robinsonboat.com\/es\/product\/sunrise-with-dolphins\/\"]}]},{\"@type\":\"ImageObject\",\"inLanguage\":\"es\",\"@id\":\"https:\/\/www.robinsonboat.com\/es\/product\/sunrise-with-dolphins\/#primaryimage\",\"url\":\"https:\/\/www.robinsonboat.com\/wp-content\/uploads\/2024\/03\/Port-pollensa-Sunrise-at-Sea-Dolphin-Watching-Tour-scaled-1.jpg\",\"contentUrl\":\"https:\/\/www.robinsonboat.com\/wp-content\/uploads\/2024\/03\/Port-pollensa-Sunrise-at-Sea-Dolphin-Watching-Tour-scaled-1.jpg\",\"width\":2560,\"height\":2134,\"caption\":\"Port-pollensa-Sunrise-at-Sea-Dolphin-Watching-Tou\"},{\"@type\":\"BreadcrumbList\",\"@id\":\"https:\/\/www.robinsonboat.com\/es\/product\/sunrise-with-dolphins\/#breadcrumb\",\"itemListElement\":[{\"@type\":\"ListItem\",\"position\":1,\"name\":\"Home\",\"item\":\"https:\/\/www.robinsonboat.com\/es\/home-2\/\"},{\"@type\":\"ListItem\",\"position\":2,\"name\":\"Our Experiences\",\"item\":\"https:\/\/www.robinsonboat.com\/our-experiences\/\"},{\"@type\":\"ListItem\",\"position\":3,\"name\":\"Amanecer con delfines\"}]},{\"@type\":\"WebSite\",\"@id\":\"https:\/\/www.robinsonboat.com\/es\/#website\",\"url\":\"https:\/\/www.robinsonboat.com\/es\/\",\"name\":\"Robinson Boats\",\"description\":\"\",\"publisher\":{\"@id\":\"https:\/\/www.robinsonboat.com\/es\/#organization\"},\"potentialAction\":[{\"@type\":\"SearchAction\",\"target\":{\"@type\":\"EntryPoint\",\"urlTemplate\":\"https:\/\/www.robinsonboat.com\/es\/?s={search_term_string}\"},\"query-input\":{\"@type\":\"PropertyValueSpecification\",\"valueRequired\":true,\"valueName\":\"search_term_string\"}}],\"inLanguage\":\"es\"},{\"@type\":\"Organization\",\"@id\":\"https:\/\/www.robinsonboat.com\/es\/#organization\",\"name\":\"Robinson Boats\",\"url\":\"https:\/\/www.robinsonboat.com\/es\/\",\"logo\":{\"@type\":\"ImageObject\",\"inLanguage\":\"es\",\"@id\":\"https:\/\/www.robinsonboat.com\/es\/#\/schema\/logo\/image\/\",\"url\":\"https:\/\/www.robinsonboat.com\/wp-content\/uploads\/2024\/03\/logo.png\",\"contentUrl\":\"https:\/\/www.robinsonboat.com\/wp-content\/uploads\/2024\/03\/logo.png\",\"width\":450,\"height\":235,\"caption\":\"Robinson Boats\"},\"image\":{\"@id\":\"https:\/\/www.robinsonboat.com\/es\/#\/schema\/logo\/image\/\"}}]}<\/script>\n<!-- \/ Yoast SEO Premium plugin. -->","yoast_head_json":{"title":"Amanecer con delfines Robinson Boat North Mallorca","description":"Amanecer con delfines en Mallorca. Con Robinson Boat descubrir\u00e1s la inolvidable experiencia de ver el amanecer desde el mar durante este impresionante tour en Puerto Pollensa.","robots":{"index":"index","follow":"follow","max-snippet":"max-snippet:-1","max-image-preview":"max-image-preview:large","max-video-preview":"max-video-preview:-1"},"canonical":"https:\/\/www.robinsonboat.com\/es\/product\/sunrise-with-dolphins\/","og_locale":"es_ES","og_type":"article","og_title":"Amanecer con delfines","og_description":"Amanecer con delfines en Mallorca. Con Robinson Boat descubrir\u00e1s la inolvidable experiencia de ver el amanecer desde el mar durante este impresionante tour en Puerto Pollensa.","og_url":"https:\/\/www.robinsonboat.com\/es\/product\/sunrise-with-dolphins\/","article_modified_time":"2025-07-23T14:41:38+00:00","og_image":[{"width":2560,"height":2134,"url":"https:\/\/www.robinsonboat.com\/wp-content\/uploads\/2024\/03\/Port-pollensa-Sunrise-at-Sea-Dolphin-Watching-Tour-scaled-1.jpg","type":"image\/jpeg"}],"twitter_card":"summary_large_image","twitter_misc":{"Tiempo de lectura":"1 minuto"},"schema":{"@context":"https:\/\/schema.org","@graph":[{"@type":"WebPage","@id":"https:\/\/www.robinsonboat.com\/es\/product\/sunrise-with-dolphins\/","url":"https:\/\/www.robinsonboat.com\/es\/product\/sunrise-with-dolphins\/","name":"Amanecer con delfines Robinson Boat North Mallorca","isPartOf":{"@id":"https:\/\/www.robinsonboat.com\/es\/#website"},"primaryImageOfPage":{"@id":"https:\/\/www.robinsonboat.com\/es\/product\/sunrise-with-dolphins\/#primaryimage"},"image":{"@id":"https:\/\/www.robinsonboat.com\/es\/product\/sunrise-with-dolphins\/#primaryimage"},"thumbnailUrl":"https:\/\/www.robinsonboat.com\/wp-content\/uploads\/2024\/03\/Port-pollensa-Sunrise-at-Sea-Dolphin-Watching-Tour-scaled-1.jpg","datePublished":"2021-05-02T13:26:38+00:00","dateModified":"2025-07-23T14:41:38+00:00","description":"Amanecer con delfines en Mallorca. Con Robinson Boat descubrir\u00e1s la inolvidable experiencia de ver el amanecer desde el mar durante este impresionante tour en Puerto Pollensa.","breadcrumb":{"@id":"https:\/\/www.robinsonboat.com\/es\/product\/sunrise-with-dolphins\/#breadcrumb"},"inLanguage":"es","potentialAction":[{"@type":"ReadAction","target":["https:\/\/www.robinsonboat.com\/es\/product\/sunrise-with-dolphins\/"]}]},{"@type":"ImageObject","inLanguage":"es","@id":"https:\/\/www.robinsonboat.com\/es\/product\/sunrise-with-dolphins\/#primaryimage","url":"https:\/\/www.robinsonboat.com\/wp-content\/uploads\/2024\/03\/Port-pollensa-Sunrise-at-Sea-Dolphin-Watching-Tour-scaled-1.jpg","contentUrl":"https:\/\/www.robinsonboat.com\/wp-content\/uploads\/2024\/03\/Port-pollensa-Sunrise-at-Sea-Dolphin-Watching-Tour-scaled-1.jpg","width":2560,"height":2134,"caption":"Port-pollensa-Sunrise-at-Sea-Dolphin-Watching-Tou"},{"@type":"BreadcrumbList","@id":"https:\/\/www.robinsonboat.com\/es\/product\/sunrise-with-dolphins\/#breadcrumb","itemListElement":[{"@type":"ListItem","position":1,"name":"Home","item":"https:\/\/www.robinsonboat.com\/es\/home-2\/"},{"@type":"ListItem","position":2,"name":"Our Experiences","item":"https:\/\/www.robinsonboat.com\/our-experiences\/"},{"@type":"ListItem","position":3,"name":"Amanecer con delfines"}]},{"@type":"WebSite","@id":"https:\/\/www.robinsonboat.com\/es\/#website","url":"https:\/\/www.robinsonboat.com\/es\/","name":"Robinson Boats","description":"","publisher":{"@id":"https:\/\/www.robinsonboat.com\/es\/#organization"},"potentialAction":[{"@type":"SearchAction","target":{"@type":"EntryPoint","urlTemplate":"https:\/\/www.robinsonboat.com\/es\/?s={search_term_string}"},"query-input":{"@type":"PropertyValueSpecification","valueRequired":true,"valueName":"search_term_string"}}],"inLanguage":"es"},{"@type":"Organization","@id":"https:\/\/www.robinsonboat.com\/es\/#organization","name":"Robinson Boats","url":"https:\/\/www.robinsonboat.com\/es\/","logo":{"@type":"ImageObject","inLanguage":"es","@id":"https:\/\/www.robinsonboat.com\/es\/#\/schema\/logo\/image\/","url":"https:\/\/www.robinsonboat.com\/wp-content\/uploads\/2024\/03\/logo.png","contentUrl":"https:\/\/www.robinsonboat.com\/wp-content\/uploads\/2024\/03\/logo.png","width":450,"height":235,"caption":"Robinson Boats"},"image":{"@id":"https:\/\/www.robinsonboat.com\/es\/#\/schema\/logo\/image\/"}}]}},"_links":{"self":[{"href":"https:\/\/www.robinsonboat.com\/es\/wp-json\/wp\/v2\/product\/5352","targetHints":{"allow":["GET"]}}],"collection":[{"href":"https:\/\/www.robinsonboat.com\/es\/wp-json\/wp\/v2\/product"}],"about":[{"href":"https:\/\/www.robinsonboat.com\/es\/wp-json\/wp\/v2\/types\/product"}],"replies":[{"embeddable":true,"href":"https:\/\/www.robinsonboat.com\/es\/wp-json\/wp\/v2\/comments?post=5352"}],"wp:featuredmedia":[{"embeddable":true,"href":"https:\/\/www.robinsonboat.com\/es\/wp-json\/wp\/v2\/media\/5084"}],"wp:attachment":[{"href":"https:\/\/www.robinsonboat.com\/es\/wp-json\/wp\/v2\/media?parent=5352"}],"wp:term":[{"taxonomy":"product_brand","embeddable":true,"href":"https:\/\/www.robinsonboat.com\/es\/wp-json\/wp\/v2\/product_brand?post=5352"},{"taxonomy":"product_cat","embeddable":true,"href":"https:\/\/www.robinsonboat.com\/es\/wp-json\/wp\/v2\/product_cat?post=5352"},{"taxonomy":"product_tag","embeddable":true,"href":"https:\/\/www.robinsonboat.com\/es\/wp-json\/wp\/v2\/product_tag?post=5352"}],"curies":[{"name":"wp","href":"https:\/\/api.w.org\/{rel}","templated":true}]}}