{"id":5353,"date":"2021-04-19T18:13:53","date_gmt":"2021-04-19T18:13:53","guid":{"rendered":"https:\/\/www.robinsonboat.com\/product\/catamaran-under-sail\/"},"modified":"2025-07-23T15:40:41","modified_gmt":"2025-07-23T14:40:41","slug":"catamaran-under-sail","status":"publish","type":"product","link":"https:\/\/www.robinsonboat.com\/es\/product\/catamaran-under-sail\/","title":{"rendered":"Catamar\u00e1n a vela"},"content":{"rendered":"<p><strong>VELA embarque 9:30 (10h. &#8211; 14: 30h.) 4,5h todos los martes, jueves y s\u00e1bados a partir del 1 de junio.<\/strong><\/p>\n<p>Despu\u00e9s de abordar y ser presentados a la tripulaci\u00f3n, izaremos las velas con su ayuda y emprenderemos nuestro relajante viaje en catamar\u00e1n (tenga en cuenta: dependiendo del viento, podemos usar el motor en lugar de las velas). Pararemos en una hermosa cala donde podremos refrescarnos en el agua dulce y utilizar el equipo de snorkel a bordo. Luego nos dirigiremos a otra cala donde, mientras nuestros clientes se relajan o nadan, nuestra tripulaci\u00f3n preparar\u00e1 un delicioso almuerzo buffet con bebidas.<\/p>\n<p><iframe src=\"https:\/\/www.youtube.com\/embed\/Jp2c4zUGCSA\" width=\"560\" height=\"315\" frameborder=\"0\" allowfullscreen=\"allowfullscreen\"><\/iframe><\/p>\n","protected":false},"excerpt":{"rendered":"<p><strong>A VELA \/\/ NAVEGANDO A VELA embarque 9:30 (10h &#8211; 15:00h) 5H. (ALMUERZO CON BEBIDAS)<\/strong><\/p>\n<p>Martes, jueves y s\u00e1bado (mayo a octubre)<\/p>\n<p>65,00\u20ac \u2014\u2014 ADULTOS<\/p>\n<p>50,00\u20ac \u2014\u2014 NI\u00d1OS (3 -12 A\u00f1os)<\/p>\n<p><strong>Servicios extra por persona<\/strong>: (Transporte 10\u20ac por persona ir y volver) <strong>Norte de Mallorca: Can Picafort \/ Playa de Muro \/ Puerto Alcudia \/ Cala San Vicen\u00e7<\/strong><\/p>\n<p>Si solicita transporte, especifique su hotel en la nota.<\/p>\n<p><strong>Incluye:<\/strong> snorkeling, tablas SUP y almuerzo con bebidas<\/p>\n","protected":false},"featured_media":5089,"comment_status":"closed","ping_status":"closed","template":"","meta":{"_joinchat":[]},"product_brand":[],"product_cat":[62],"product_tag":[51],"class_list":{"0":"post-5353","1":"product","2":"type-product","3":"status-publish","4":"has-post-thumbnail","6":"product_cat-catamaran-boat-trips-es","7":"product_tag-catamaran-boat-trips","9":"first","10":"instock","11":"shipping-taxable","12":"product-type-external"},"yoast_head":"<!-- This site is optimized with the Yoast SEO Premium plugin v25.0 (Yoast SEO v25.0) - https:\/\/yoast.com\/wordpress\/plugins\/seo\/ -->\n<title>Catamar\u00e1n a vela Robinson Boat Port Pollensa Boat Trips<\/title>\n<meta name=\"description\" content=\"Las mejores excursiones y paseos en barco y catamar\u00e1n. Paseo en Catamar\u00e1n Catamar\u00e1n para avistar delfines y amanecer en Mallorca.\" \/>\n<meta name=\"robots\" content=\"index, follow, max-snippet:-1, max-image-preview:large, max-video-preview:-1\" \/>\n<link rel=\"canonical\" href=\"https:\/\/www.robinsonboat.com\/es\/product\/catamaran-under-sail\/\" \/>\n<meta property=\"og:locale\" content=\"es_ES\" \/>\n<meta property=\"og:type\" content=\"article\" \/>\n<meta property=\"og:title\" content=\"Catamaran Boat Trips Mallorca\" \/>\n<meta property=\"og:description\" content=\"Las mejores excursiones y paseos en barco y catamar\u00e1n. Paseo en Catamar\u00e1n Catamar\u00e1n para avistar delfines y amanecer en Mallorca.\" \/>\n<meta property=\"og:url\" content=\"https:\/\/www.robinsonboat.com\/es\/product\/catamaran-under-sail\/\" \/>\n<meta property=\"article:modified_time\" content=\"2025-07-23T14:40:41+00:00\" \/>\n<meta property=\"og:image\" content=\"https:\/\/www.robinsonboat.com\/wp-content\/uploads\/2024\/03\/Catamaran-Under-Sail-Mallorca.jpg\" \/>\n\t<meta property=\"og:image:width\" content=\"1200\" \/>\n\t<meta property=\"og:image:height\" content=\"912\" \/>\n\t<meta property=\"og:image:type\" content=\"image\/jpeg\" \/>\n<meta name=\"twitter:card\" content=\"summary_large_image\" \/>\n<meta name=\"twitter:title\" content=\"Catamar\u00e1n a vela\" \/>\n<meta name=\"twitter:label1\" content=\"Tiempo de lectura\" \/>\n\t<meta name=\"twitter:data1\" content=\"1 minuto\" \/>\n<script type=\"application\/ld+json\" class=\"yoast-schema-graph\">{\"@context\":\"https:\/\/schema.org\",\"@graph\":[{\"@type\":\"WebPage\",\"@id\":\"https:\/\/www.robinsonboat.com\/es\/product\/catamaran-under-sail\/\",\"url\":\"https:\/\/www.robinsonboat.com\/es\/product\/catamaran-under-sail\/\",\"name\":\"Catamar\u00e1n a vela Robinson Boat Port Pollensa Boat Trips\",\"isPartOf\":{\"@id\":\"https:\/\/www.robinsonboat.com\/es\/#website\"},\"primaryImageOfPage\":{\"@id\":\"https:\/\/www.robinsonboat.com\/es\/product\/catamaran-under-sail\/#primaryimage\"},\"image\":{\"@id\":\"https:\/\/www.robinsonboat.com\/es\/product\/catamaran-under-sail\/#primaryimage\"},\"thumbnailUrl\":\"https:\/\/www.robinsonboat.com\/wp-content\/uploads\/2024\/03\/Catamaran-Boat-Trips-Mallorca-.jpeg\",\"datePublished\":\"2021-04-19T18:13:53+00:00\",\"dateModified\":\"2025-07-23T14:40:41+00:00\",\"description\":\"Las mejores excursiones y paseos en barco y catamar\u00e1n. Paseo en Catamar\u00e1n Catamar\u00e1n para avistar delfines y amanecer en Mallorca.\",\"breadcrumb\":{\"@id\":\"https:\/\/www.robinsonboat.com\/es\/product\/catamaran-under-sail\/#breadcrumb\"},\"inLanguage\":\"es\",\"potentialAction\":[{\"@type\":\"ReadAction\",\"target\":[\"https:\/\/www.robinsonboat.com\/es\/product\/catamaran-under-sail\/\"]}]},{\"@type\":\"ImageObject\",\"inLanguage\":\"es\",\"@id\":\"https:\/\/www.robinsonboat.com\/es\/product\/catamaran-under-sail\/#primaryimage\",\"url\":\"https:\/\/www.robinsonboat.com\/wp-content\/uploads\/2024\/03\/Catamaran-Boat-Trips-Mallorca-.jpeg\",\"contentUrl\":\"https:\/\/www.robinsonboat.com\/wp-content\/uploads\/2024\/03\/Catamaran-Boat-Trips-Mallorca-.jpeg\",\"width\":1024,\"height\":682},{\"@type\":\"BreadcrumbList\",\"@id\":\"https:\/\/www.robinsonboat.com\/es\/product\/catamaran-under-sail\/#breadcrumb\",\"itemListElement\":[{\"@type\":\"ListItem\",\"position\":1,\"name\":\"Home\",\"item\":\"https:\/\/www.robinsonboat.com\/es\/home-2\/\"},{\"@type\":\"ListItem\",\"position\":2,\"name\":\"Our Experiences\",\"item\":\"https:\/\/www.robinsonboat.com\/our-experiences\/\"},{\"@type\":\"ListItem\",\"position\":3,\"name\":\"Catamar\u00e1n a vela\"}]},{\"@type\":\"WebSite\",\"@id\":\"https:\/\/www.robinsonboat.com\/es\/#website\",\"url\":\"https:\/\/www.robinsonboat.com\/es\/\",\"name\":\"Robinson Boats\",\"description\":\"\",\"publisher\":{\"@id\":\"https:\/\/www.robinsonboat.com\/es\/#organization\"},\"potentialAction\":[{\"@type\":\"SearchAction\",\"target\":{\"@type\":\"EntryPoint\",\"urlTemplate\":\"https:\/\/www.robinsonboat.com\/es\/?s={search_term_string}\"},\"query-input\":{\"@type\":\"PropertyValueSpecification\",\"valueRequired\":true,\"valueName\":\"search_term_string\"}}],\"inLanguage\":\"es\"},{\"@type\":\"Organization\",\"@id\":\"https:\/\/www.robinsonboat.com\/es\/#organization\",\"name\":\"Robinson Boats\",\"url\":\"https:\/\/www.robinsonboat.com\/es\/\",\"logo\":{\"@type\":\"ImageObject\",\"inLanguage\":\"es\",\"@id\":\"https:\/\/www.robinsonboat.com\/es\/#\/schema\/logo\/image\/\",\"url\":\"https:\/\/www.robinsonboat.com\/wp-content\/uploads\/2024\/03\/logo.png\",\"contentUrl\":\"https:\/\/www.robinsonboat.com\/wp-content\/uploads\/2024\/03\/logo.png\",\"width\":450,\"height\":235,\"caption\":\"Robinson Boats\"},\"image\":{\"@id\":\"https:\/\/www.robinsonboat.com\/es\/#\/schema\/logo\/image\/\"}}]}<\/script>\n<!-- \/ Yoast SEO Premium plugin. -->","yoast_head_json":{"title":"Catamar\u00e1n a vela Robinson Boat Port Pollensa Boat Trips","description":"Las mejores excursiones y paseos en barco y catamar\u00e1n. Paseo en Catamar\u00e1n Catamar\u00e1n para avistar delfines y amanecer en Mallorca.","robots":{"index":"index","follow":"follow","max-snippet":"max-snippet:-1","max-image-preview":"max-image-preview:large","max-video-preview":"max-video-preview:-1"},"canonical":"https:\/\/www.robinsonboat.com\/es\/product\/catamaran-under-sail\/","og_locale":"es_ES","og_type":"article","og_title":"Catamaran Boat Trips Mallorca","og_description":"Las mejores excursiones y paseos en barco y catamar\u00e1n. Paseo en Catamar\u00e1n Catamar\u00e1n para avistar delfines y amanecer en Mallorca.","og_url":"https:\/\/www.robinsonboat.com\/es\/product\/catamaran-under-sail\/","article_modified_time":"2025-07-23T14:40:41+00:00","og_image":[{"width":1200,"height":912,"url":"https:\/\/www.robinsonboat.com\/wp-content\/uploads\/2024\/03\/Catamaran-Under-Sail-Mallorca.jpg","type":"image\/jpeg"}],"twitter_card":"summary_large_image","twitter_title":"Catamar\u00e1n a vela","twitter_misc":{"Tiempo de lectura":"1 minuto"},"schema":{"@context":"https:\/\/schema.org","@graph":[{"@type":"WebPage","@id":"https:\/\/www.robinsonboat.com\/es\/product\/catamaran-under-sail\/","url":"https:\/\/www.robinsonboat.com\/es\/product\/catamaran-under-sail\/","name":"Catamar\u00e1n a vela Robinson Boat Port Pollensa Boat Trips","isPartOf":{"@id":"https:\/\/www.robinsonboat.com\/es\/#website"},"primaryImageOfPage":{"@id":"https:\/\/www.robinsonboat.com\/es\/product\/catamaran-under-sail\/#primaryimage"},"image":{"@id":"https:\/\/www.robinsonboat.com\/es\/product\/catamaran-under-sail\/#primaryimage"},"thumbnailUrl":"https:\/\/www.robinsonboat.com\/wp-content\/uploads\/2024\/03\/Catamaran-Boat-Trips-Mallorca-.jpeg","datePublished":"2021-04-19T18:13:53+00:00","dateModified":"2025-07-23T14:40:41+00:00","description":"Las mejores excursiones y paseos en barco y catamar\u00e1n. Paseo en Catamar\u00e1n Catamar\u00e1n para avistar delfines y amanecer en Mallorca.","breadcrumb":{"@id":"https:\/\/www.robinsonboat.com\/es\/product\/catamaran-under-sail\/#breadcrumb"},"inLanguage":"es","potentialAction":[{"@type":"ReadAction","target":["https:\/\/www.robinsonboat.com\/es\/product\/catamaran-under-sail\/"]}]},{"@type":"ImageObject","inLanguage":"es","@id":"https:\/\/www.robinsonboat.com\/es\/product\/catamaran-under-sail\/#primaryimage","url":"https:\/\/www.robinsonboat.com\/wp-content\/uploads\/2024\/03\/Catamaran-Boat-Trips-Mallorca-.jpeg","contentUrl":"https:\/\/www.robinsonboat.com\/wp-content\/uploads\/2024\/03\/Catamaran-Boat-Trips-Mallorca-.jpeg","width":1024,"height":682},{"@type":"BreadcrumbList","@id":"https:\/\/www.robinsonboat.com\/es\/product\/catamaran-under-sail\/#breadcrumb","itemListElement":[{"@type":"ListItem","position":1,"name":"Home","item":"https:\/\/www.robinsonboat.com\/es\/home-2\/"},{"@type":"ListItem","position":2,"name":"Our Experiences","item":"https:\/\/www.robinsonboat.com\/our-experiences\/"},{"@type":"ListItem","position":3,"name":"Catamar\u00e1n a vela"}]},{"@type":"WebSite","@id":"https:\/\/www.robinsonboat.com\/es\/#website","url":"https:\/\/www.robinsonboat.com\/es\/","name":"Robinson Boats","description":"","publisher":{"@id":"https:\/\/www.robinsonboat.com\/es\/#organization"},"potentialAction":[{"@type":"SearchAction","target":{"@type":"EntryPoint","urlTemplate":"https:\/\/www.robinsonboat.com\/es\/?s={search_term_string}"},"query-input":{"@type":"PropertyValueSpecification","valueRequired":true,"valueName":"search_term_string"}}],"inLanguage":"es"},{"@type":"Organization","@id":"https:\/\/www.robinsonboat.com\/es\/#organization","name":"Robinson Boats","url":"https:\/\/www.robinsonboat.com\/es\/","logo":{"@type":"ImageObject","inLanguage":"es","@id":"https:\/\/www.robinsonboat.com\/es\/#\/schema\/logo\/image\/","url":"https:\/\/www.robinsonboat.com\/wp-content\/uploads\/2024\/03\/logo.png","contentUrl":"https:\/\/www.robinsonboat.com\/wp-content\/uploads\/2024\/03\/logo.png","width":450,"height":235,"caption":"Robinson Boats"},"image":{"@id":"https:\/\/www.robinsonboat.com\/es\/#\/schema\/logo\/image\/"}}]}},"_links":{"self":[{"href":"https:\/\/www.robinsonboat.com\/es\/wp-json\/wp\/v2\/product\/5353","targetHints":{"allow":["GET"]}}],"collection":[{"href":"https:\/\/www.robinsonboat.com\/es\/wp-json\/wp\/v2\/product"}],"about":[{"href":"https:\/\/www.robinsonboat.com\/es\/wp-json\/wp\/v2\/types\/product"}],"replies":[{"embeddable":true,"href":"https:\/\/www.robinsonboat.com\/es\/wp-json\/wp\/v2\/comments?post=5353"}],"wp:featuredmedia":[{"embeddable":true,"href":"https:\/\/www.robinsonboat.com\/es\/wp-json\/wp\/v2\/media\/5089"}],"wp:attachment":[{"href":"https:\/\/www.robinsonboat.com\/es\/wp-json\/wp\/v2\/media?parent=5353"}],"wp:term":[{"taxonomy":"product_brand","embeddable":true,"href":"https:\/\/www.robinsonboat.com\/es\/wp-json\/wp\/v2\/product_brand?post=5353"},{"taxonomy":"product_cat","embeddable":true,"href":"https:\/\/www.robinsonboat.com\/es\/wp-json\/wp\/v2\/product_cat?post=5353"},{"taxonomy":"product_tag","embeddable":true,"href":"https:\/\/www.robinsonboat.com\/es\/wp-json\/wp\/v2\/product_tag?post=5353"}],"curies":[{"name":"wp","href":"https:\/\/api.w.org\/{rel}","templated":true}]}}